{"id":254501,"date":"2024-09-23T14:50:49","date_gmt":"2024-09-23T12:50:49","guid":{"rendered":"http:\/\/relaunch.plus12socks.com\/plus12\/"},"modified":"2025-01-16T08:45:12","modified_gmt":"2025-01-16T07:45:12","slug":"about-plus12","status":"publish","type":"page","link":"https:\/\/plus12socks.com\/en\/about-plus12\/","title":{"rendered":"plus12"},"content":{"rendered":"<p>[et_pb_section fb_built=&#8221;1&#8243; _builder_version=&#8221;4.27.0&#8243; _module_preset=&#8221;default&#8221; global_colors_info=&#8221;{}&#8221;][et_pb_row _builder_version=&#8221;4.27.0&#8243; _module_preset=&#8221;default&#8221; global_colors_info=&#8221;{}&#8221;][et_pb_column type=&#8221;4_4&#8243; _builder_version=&#8221;4.27.0&#8243; _module_preset=&#8221;default&#8221; global_colors_info=&#8221;{}&#8221;][et_pb_text _builder_version=&#8221;4.27.0&#8243; _module_preset=&#8221;default&#8221; global_colors_info=&#8221;{}&#8221;]<\/p>\n<h1>plus12: How it all started<\/h1>\n<p> In 2001, we were commissioned by the Austrian Federal Ministry of Health to answer this question: Do Austrian children\u2019s shoes fit?<br \/>To find out if a shoe fits, we measure the amount of extra space it offers (for a proper fit, shoes need to be at least 12 mm longer than the length of the feet). This means we needed to measure both children\u2019s feet and their shoes. Measuring feet is easy enough, but in 2001 there was no instrument available for reliably measuring the inside length of shoes. So we developed the plus12, a tool to measure both shoes and feet. And we called it plus12 because when measuring the foot, it automatically adds 12 mm to the length and you know right away how long a properly fitting shoe needs to be.<br \/>Originally, the plus12 was developed just to be a helpful tool for our research, but then parents discovered how useful it is.[\/et_pb_text][\/et_pb_column][\/et_pb_row][et_pb_row _builder_version=&#8221;4.27.0&#8243; _module_preset=&#8221;default&#8221; global_colors_info=&#8221;{}&#8221;][et_pb_column type=&#8221;4_4&#8243; _builder_version=&#8221;4.27.0&#8243; _module_preset=&#8221;default&#8221; global_colors_info=&#8221;{}&#8221;][et_pb_text _builder_version=&#8221;4.27.0&#8243; _module_preset=&#8221;default&#8221; global_colors_info=&#8221;{}&#8221;]<\/p>\n<h2>How the plus12 works<\/h2>\n<p>[\/et_pb_text][\/et_pb_column][\/et_pb_row][et_pb_row column_structure=&#8221;3_5,2_5&#8243; _builder_version=&#8221;4.27.0&#8243; _module_preset=&#8221;default&#8221; background_color=&#8221;#7BC248&#8243; border_radii=&#8221;on|5px|5px|5px|5px&#8221; border_width_all=&#8221;2px&#8221; border_color_all=&#8221;#7BC248&#8243; global_colors_info=&#8221;{}&#8221;][et_pb_column type=&#8221;3_5&#8243; _builder_version=&#8221;4.27.0&#8243; _module_preset=&#8221;default&#8221; custom_padding=&#8221;|||15px|false|false&#8221; global_colors_info=&#8221;{}&#8221;][et_pb_video src=&#8221;https:\/\/youtu.be\/bAppBsXNPP4&#8243; _builder_version=&#8221;4.27.4&#8243; _module_preset=&#8221;default&#8221; hover_enabled=&#8221;0&#8243; border_radii=&#8221;on|5px|5px|5px|5px&#8221; border_width_all=&#8221;2px&#8221; border_color_all=&#8221;#FFFFFF&#8221; global_colors_info=&#8221;{}&#8221; sticky_enabled=&#8221;0&#8243;][\/et_pb_video][\/et_pb_column][et_pb_column type=&#8221;2_5&#8243; _builder_version=&#8221;4.27.0&#8243; _module_preset=&#8221;default&#8221; custom_padding=&#8221;15vh|20px|||false|false&#8221; global_colors_info=&#8221;{}&#8221;][et_pb_text _builder_version=&#8221;4.27.0&#8243; _module_preset=&#8221;default&#8221; text_text_color=&#8221;#FFFFFF&#8221; text_font_size=&#8221;24px&#8221; global_colors_info=&#8221;{}&#8221;]<\/p>\n<p style=\"text-align: center;\">A 2 minute video for little feet and their shoes.<\/p>\n<p>[\/et_pb_text][et_pb_button button_url=&#8221;https:\/\/kinderfuesse.com\/en\/&#8221; url_new_window=&#8221;on&#8221; button_text=&#8221;Find out more at www.kidsfeet.info&#8221; button_alignment=&#8221;center&#8221; _builder_version=&#8221;4.27.0&#8243; _module_preset=&#8221;default&#8221; custom_button=&#8221;on&#8221; button_text_color=&#8221;#FFFFFF&#8221; button_border_color=&#8221;#FFFFFF&#8221; global_colors_info=&#8221;{}&#8221; button_text_color__hover_enabled=&#8221;on|hover&#8221; button_text_color__hover=&#8221;#FFFFFF&#8221; button_border_width__hover_enabled=&#8221;on|hover&#8221; button_border_width__hover=&#8221;2px&#8221; button_border_radius__hover_enabled=&#8221;on|desktop&#8221; button_border_radius__hover=&#8221;3px&#8221; button_bg_color__hover_enabled=&#8221;on|hover&#8221; button_bg_color__hover=&#8221;#7BC248&#8243; button_bg_enable_color__hover=&#8221;on&#8221; button_border_color__hover_enabled=&#8221;on|hover&#8221; button_border_color__hover=&#8221;#FFFFFF&#8221;][\/et_pb_button][\/et_pb_column][\/et_pb_row][\/et_pb_section][et_pb_section fb_built=&#8221;1&#8243; _builder_version=&#8221;4.27.0&#8243; _module_preset=&#8221;default&#8221; global_colors_info=&#8221;{}&#8221;][et_pb_row _builder_version=&#8221;4.27.0&#8243; _module_preset=&#8221;default&#8221; global_colors_info=&#8221;{}&#8221;][et_pb_column type=&#8221;4_4&#8243; _builder_version=&#8221;4.27.0&#8243; _module_preset=&#8221;default&#8221; global_colors_info=&#8221;{}&#8221;][et_pb_text _builder_version=&#8221;4.27.0&#8243; _module_preset=&#8221;default&#8221; global_colors_info=&#8221;{}&#8221;]<\/p>\n<h2>Research projects<\/h2>\n<p>2001-2003: Research project \u201cChildren\u2019s Feet \u2013 Children\u2019s Shoes,\u201d commissioned by the Federal Ministry<br \/>2005-2007: Research project \u201cKids: Healthy feet \u2013 healthy life,\u201d commissioned by the Austrian Federal Ministry of Health and the Fonds Gesundes \u00d6sterreich (Fund for a Healthy Austria)  <\/p>\n<p>[\/et_pb_text][\/et_pb_column][\/et_pb_row][\/et_pb_section][et_pb_section fb_built=&#8221;1&#8243; admin_label=&#8221;Timeline Style5 Section 1&#8243; _builder_version=&#8221;4.27.0&#8243; _module_preset=&#8221;default&#8221; custom_padding=&#8221;0px||||false|false&#8221; global_colors_info=&#8221;{}&#8221;][et_pb_row _builder_version=&#8221;4.27.0&#8243; _module_preset=&#8221;default&#8221; global_colors_info=&#8221;{}&#8221;][et_pb_column type=&#8221;4_4&#8243; _builder_version=&#8221;4.27.0&#8243; _module_preset=&#8221;default&#8221; global_colors_info=&#8221;{}&#8221;][et_pb_text _builder_version=&#8221;4.27.0&#8243; _module_preset=&#8221;default&#8221; global_colors_info=&#8221;{}&#8221;]<\/p>\n<h2>Developments<\/h2>\n<p>[\/et_pb_text][\/et_pb_column][\/et_pb_row][et_pb_row column_structure=&#8221;1_2,1_2&#8243; use_custom_gutter=&#8221;on&#8221; gutter_width=&#8221;1&#8243; admin_label=&#8221;Timeline Style5 Section 1 Row 1&#8243; module_class=&#8221;dp_timeline_style5&#8243; _builder_version=&#8221;4.27.0&#8243; _module_preset=&#8221;default&#8221; width=&#8221;90%&#8221; max_width=&#8221;1200px&#8221; custom_padding=&#8221;||||false|false&#8221; custom_css_before=&#8221;background: #7BC248;||width: 3px;||height: 100%;||content: %22%22;||position: absolute;||left: 0;||right: 0;||top: 0;||margin: auto;&#8221; global_colors_info=&#8221;{}&#8221; custom_css_before_last_edited=&#8221;on|phone&#8221; custom_css_before_phone=&#8221;background: #0077b6;||width: 3px;||height: 100%;||content: %22%22;||position: absolute;||right: 0;||left: unset;||top: 0;||margin: auto;&#8221; custom_css_after_last_edited=&#8221;on|phone&#8221; custom_css_before_tablet=&#8221;background: #0077b6;||width: 3px;||height: 100%;||content: %22%22;||position: absolute;||left: 0;||right: 0;||top: 0;||margin: auto;&#8221;][et_pb_column type=&#8221;1_2&#8243; _builder_version=&#8221;4.16&#8243; _module_preset=&#8221;default&#8221; global_colors_info=&#8221;{}&#8221; custom_css_main_element_last_edited=&#8221;on|tablet&#8221; custom_css_main_element_tablet=&#8221;width: 50% !important;&#8221; custom_css_main_element_phone=&#8221;width:100% !important;&#8221;][et_pb_blurb title=&#8221;2004&#8243; image=&#8221;https:\/\/plus12socks.com\/wp-content\/uploads\/2019\/12\/amazon-plus12-weisser-hintergrund-compressor.jpg&#8221; alt=&#8221;Picture of the plus12 inner shoe and foot measuring device&#8221; image_icon_width=&#8221;100%&#8221; admin_label=&#8221;Image &#038; Year &#038; Description&#8221; _builder_version=&#8221;4.27.0&#8243; _module_preset=&#8221;default&#8221; header_level=&#8221;h3&#8243; header_font=&#8221;|600|||||||&#8221; header_text_color=&#8221;#7BC248&#8243; header_font_size=&#8221;30px&#8221; body_font=&#8221;||||||||&#8221; body_letter_spacing=&#8221;0.5px&#8221; body_line_height=&#8221;1.4em&#8221; text_orientation=&#8221;center&#8221; custom_css_after=&#8221;right: 1px;||width: 45%;||height: 1px;||border-top: 2px dotted #7BC248;||background: none;||top: 76px;||content: %22%22;||position: absolute;||margin: auto;||z-index: -1;&#8221; custom_css_blurb_image=&#8221;margin: 17px auto;&#8221; custom_css_blurb_title=&#8221;margin-bottom:10px;||padding-bottom:0;&#8221; custom_css_blurb_content=&#8221;max-width:100%;&#8221; border_width_all_image=&#8221;3px&#8221; border_color_all_image=&#8221;#7BC248&#8243; global_colors_info=&#8221;{}&#8221;]<\/p>\n<p><a href=\"https:\/\/www.kinderfuesse.com\/plus12\" target=\"_blank\" rel=\"noopener noreferrer\"><strong>plus12<\/strong><\/a><\/p>\n<p><span>Tool for measuring children\u2019s feet and shoes<\/span><\/p>\n<p>[\/et_pb_blurb][\/et_pb_column][et_pb_column type=&#8221;1_2&#8243; _builder_version=&#8221;4.27.0&#8243; _module_preset=&#8221;default&#8221; global_colors_info=&#8221;{}&#8221; custom_css_main_element_last_edited=&#8221;on|tablet&#8221; custom_css_main_element_tablet=&#8221;width: 50% !important;||display: block !important;&#8221; custom_css_main_element_phone=&#8221;width: 50% !important;||display: block !important;&#8221;][\/et_pb_column][\/et_pb_row][et_pb_row column_structure=&#8221;1_2,1_2&#8243; use_custom_gutter=&#8221;on&#8221; gutter_width=&#8221;1&#8243; admin_label=&#8221;Timeline Style5 Section 1 Row 2&#8243; module_class=&#8221;dp_timeline_style5&#8243; _builder_version=&#8221;4.27.0&#8243; _module_preset=&#8221;default&#8221; width=&#8221;90%&#8221; max_width=&#8221;1200px&#8221; custom_padding=&#8221;||||false|false&#8221; custom_css_before=&#8221;background: #7BC248;||width: 3px;||height: 100%;||content: %22%22;||position: absolute;||left: 0;||right: 0;||top: 0;||margin: auto;&#8221; global_colors_info=&#8221;{}&#8221; custom_css_before_last_edited=&#8221;on|phone&#8221; custom_css_before_phone=&#8221;background: #0077b6;||width: 3px;||height: 100%;||content: %22%22;||position: absolute;||left: 0;||right: unset;||top: 0;||margin: auto;&#8221; custom_css_before_tablet=&#8221;background: #0077b6;||width: 3px;||height: 100%;||content: %22%22;||position: absolute;||left: 0;||right: 0;||top: 0;||margin: auto;&#8221;][et_pb_column type=&#8221;1_2&#8243; _builder_version=&#8221;4.16&#8243; _module_preset=&#8221;default&#8221; global_colors_info=&#8221;{}&#8221; custom_css_main_element_last_edited=&#8221;on|tablet&#8221; custom_css_main_element_tablet=&#8221;width: 50% !important;||display: block !important;&#8221; custom_css_main_element_phone=&#8221;width: 50% !important;||display: block !important;&#8221;][\/et_pb_column][et_pb_column type=&#8221;1_2&#8243; _builder_version=&#8221;4.16&#8243; _module_preset=&#8221;default&#8221; global_colors_info=&#8221;{}&#8221; custom_css_main_element_last_edited=&#8221;on|tablet&#8221; custom_css_main_element_tablet=&#8221;width: 50% !important;&#8221; custom_css_main_element_phone=&#8221;width:100% !important;&#8221;][et_pb_blurb title=&#8221;2007&#8243; image=&#8221;https:\/\/plus12socks.com\/wp-content\/uploads\/2019\/12\/amazon-plus12base-weisser-hintergrund-compressor.jpg&#8221; alt=&#8221;Picture of the plus12base measuring device for children&#8217;s feet&#8221; image_icon_width=&#8221;100%&#8221; admin_label=&#8221;Image &#038; Year &#038; Description&#8221; _builder_version=&#8221;4.27.0&#8243; _module_preset=&#8221;default&#8221; header_level=&#8221;h2&#8243; header_font=&#8221;|600|||||||&#8221; header_text_color=&#8221;#7BC248&#8243; header_font_size=&#8221;30px&#8221; body_font=&#8221;||||||||&#8221; body_letter_spacing=&#8221;0.5px&#8221; body_line_height=&#8221;1.4em&#8221; text_orientation=&#8221;center&#8221; custom_css_after=&#8221;right: auto;||width: 45%;||left:2px;||height: 1px;||border-top: 2px dotted #7BC248;||background: none;||top: 76px;||content: %22%22;||position: absolute;||margin: auto;||z-index: -1;&#8221; custom_css_blurb_image=&#8221;margin: 17px auto;&#8221; custom_css_blurb_title=&#8221;margin-bottom:10px;||padding-bottom:0;&#8221; custom_css_blurb_content=&#8221;max-width:100%;&#8221; border_width_all_image=&#8221;3px&#8221; border_color_all_image=&#8221;#7BC248&#8243; global_colors_info=&#8221;{}&#8221;]<\/p>\n<p><a href=\"https:\/\/www.kinderfuesse.com\/plus12base\" target=\"_blank\" rel=\"noopener noreferrer\"><strong>plus12base<\/strong><\/a><\/p>\n<p><span>A practical accessory for the plus12, a large red plastic foot the plus12 snaps into securely; perfect for retailers <\/span><\/p>\n<p>[\/et_pb_blurb][\/et_pb_column][\/et_pb_row][et_pb_row column_structure=&#8221;1_2,1_2&#8243; use_custom_gutter=&#8221;on&#8221; gutter_width=&#8221;1&#8243; admin_label=&#8221;Timeline Style5 Section 1 Row 3&#8243; module_class=&#8221;dp_timeline_style5&#8243; _builder_version=&#8221;4.27.0&#8243; _module_preset=&#8221;default&#8221; width=&#8221;90%&#8221; max_width=&#8221;1200px&#8221; custom_padding=&#8221;||||false|false&#8221; custom_css_before=&#8221;background: #7BC248;||width: 3px;||height: 100%;||content: %22%22;||position: absolute;||left: 0;||right: 0;||top: 0;||margin: auto;&#8221; locked=&#8221;off&#8221; global_colors_info=&#8221;{}&#8221; custom_css_before_last_edited=&#8221;on|phone&#8221; custom_css_before_phone=&#8221;background: #0077b6;||width: 3px;||height: 100%;||content: %22%22;||position: absolute;||right: 0;||left: unset;||top: 0;||margin: auto;&#8221; custom_css_before_tablet=&#8221;background: #0077b6;||width: 3px;||height: 100%;||content: %22%22;||position: absolute;||left: 0;||right: 0;||top: 0;||margin: auto;&#8221;][et_pb_column type=&#8221;1_2&#8243; _builder_version=&#8221;4.16&#8243; _module_preset=&#8221;default&#8221; global_colors_info=&#8221;{}&#8221; custom_css_main_element_last_edited=&#8221;on|tablet&#8221; custom_css_main_element_tablet=&#8221;width: 50% !important;&#8221; custom_css_main_element_phone=&#8221;width:100% !important;&#8221;][et_pb_blurb title=&#8221;2011&#8243; image=&#8221;https:\/\/plus12socks.com\/wp-content\/uploads\/2024\/09\/plus12-1188.jpeg&#8221; alt=&#8221;Graphic of the plus12fit table&#8221; image_icon_width=&#8221;100%&#8221; admin_label=&#8221;Image &#038; Year &#038; Description&#8221; _builder_version=&#8221;4.27.0&#8243; _module_preset=&#8221;default&#8221; header_level=&#8221;h3&#8243; header_font=&#8221;|600|||||||&#8221; header_text_color=&#8221;#7BC248&#8243; header_font_size=&#8221;30px&#8221; body_font=&#8221;||||||||&#8221; body_letter_spacing=&#8221;0.5px&#8221; body_line_height=&#8221;1.4em&#8221; text_orientation=&#8221;center&#8221; custom_css_after=&#8221;right: 1px;||width: 45%;||height: 1px;||border-top: 2px dotted #7BC248;||background: none;||top: 76px;||content: %22%22;||position: absolute;||margin: auto;||z-index: -1;&#8221; custom_css_blurb_image=&#8221;margin: 17px auto;&#8221; custom_css_blurb_title=&#8221;margin-bottom:10px;||padding-bottom:0;&#8221; custom_css_blurb_content=&#8221;max-width:100%;&#8221; border_width_all_image=&#8221;3px&#8221; border_color_all_image=&#8221;#7BC248&#8243; global_colors_info=&#8221;{}&#8221;]<\/p>\n<p><a href=\"https:\/\/www.kinderfuesse.com\/plus12fit\" target=\"_blank\" rel=\"noopener noreferrer\"><strong>plus12fit<\/strong><\/a><\/p>\n<p>A practical cardboard strip for serial measurements; for feet and the inside length of shoes <\/p>\n<p>[\/et_pb_blurb][\/et_pb_column][et_pb_column type=&#8221;1_2&#8243; _builder_version=&#8221;4.16&#8243; _module_preset=&#8221;default&#8221; global_colors_info=&#8221;{}&#8221; custom_css_main_element_last_edited=&#8221;on|tablet&#8221; custom_css_main_element_tablet=&#8221;width: 50% !important;||display: block !important;&#8221; custom_css_main_element_phone=&#8221;width: 50% !important;||display: block !important;&#8221;][\/et_pb_column][\/et_pb_row][et_pb_row column_structure=&#8221;1_2,1_2&#8243; use_custom_gutter=&#8221;on&#8221; gutter_width=&#8221;1&#8243; admin_label=&#8221;Timeline Style5 Section 1 Row 2&#8243; module_class=&#8221;dp_timeline_style5&#8243; _builder_version=&#8221;4.27.0&#8243; _module_preset=&#8221;default&#8221; width=&#8221;90%&#8221; max_width=&#8221;1200px&#8221; custom_padding=&#8221;||||false|false&#8221; custom_css_before=&#8221;background: #7BC248;||width: 3px;||height: 100%;||content: %22%22;||position: absolute;||left: 0;||right: 0;||top: 0;||margin: auto;&#8221; global_colors_info=&#8221;{}&#8221; custom_css_before_last_edited=&#8221;on|phone&#8221; custom_css_before_phone=&#8221;background: #0077b6;||width: 3px;||height: 100%;||content: %22%22;||position: absolute;||left: 0;||right: unset;||top: 0;||margin: auto;&#8221; custom_css_before_tablet=&#8221;background: #0077b6;||width: 3px;||height: 100%;||content: %22%22;||position: absolute;||left: 0;||right: 0;||top: 0;||margin: auto;&#8221;][et_pb_column type=&#8221;1_2&#8243; _builder_version=&#8221;4.16&#8243; _module_preset=&#8221;default&#8221; global_colors_info=&#8221;{}&#8221; custom_css_main_element_last_edited=&#8221;on|tablet&#8221; custom_css_main_element_tablet=&#8221;width: 50% !important;||display: block !important;&#8221; custom_css_main_element_phone=&#8221;width: 50% !important;||display: block !important;&#8221;][\/et_pb_column][et_pb_column type=&#8221;1_2&#8243; _builder_version=&#8221;4.16&#8243; _module_preset=&#8221;default&#8221; global_colors_info=&#8221;{}&#8221; custom_css_main_element_last_edited=&#8221;on|tablet&#8221; custom_css_main_element_tablet=&#8221;width: 50% !important;&#8221; custom_css_main_element_phone=&#8221;width:100% !important;&#8221;][et_pb_blurb title=&#8221;2013&#8243; image=&#8221;https:\/\/plus12socks.com\/wp-content\/uploads\/2019\/12\/plus12med-weisser-hintergrund-compressor.jpg&#8221; alt=&#8221;Image of the plus12med foot and inner shoe measuring device&#8221; image_icon_width=&#8221;100%&#8221; admin_label=&#8221;Image &#038; Year &#038; Description&#8221; _builder_version=&#8221;4.27.0&#8243; _module_preset=&#8221;default&#8221; header_level=&#8221;h2&#8243; header_font=&#8221;|600|||||||&#8221; header_text_color=&#8221;#7BC248&#8243; header_font_size=&#8221;30px&#8221; body_font=&#8221;||||||||&#8221; body_letter_spacing=&#8221;0.5px&#8221; body_line_height=&#8221;1.4em&#8221; text_orientation=&#8221;center&#8221; custom_css_after=&#8221;right: auto;||width: 45%;||left:2px;||height: 1px;||border-top: 2px dotted #7BC248;||background: none;||top: 76px;||content: %22%22;||position: absolute;||margin: auto;||z-index: -1;&#8221; custom_css_blurb_image=&#8221;margin: 17px auto;&#8221; custom_css_blurb_title=&#8221;margin-bottom:10px;||padding-bottom:0;&#8221; custom_css_blurb_content=&#8221;max-width:100%;&#8221; border_width_all_image=&#8221;3px&#8221; border_color_all_image=&#8221;#7BC248&#8243; global_colors_info=&#8221;{}&#8221;]<\/p>\n<p><a href=\"https:\/\/www.plus12med.com\/\" target=\"_blank\" rel=\"noopener noreferrer\"><strong>plus12med<\/strong><\/a><\/p>\n<p><span>Tool for measuring feet and shoes for diabetic patients<\/span><\/p>\n<p>[\/et_pb_blurb][\/et_pb_column][\/et_pb_row][et_pb_row column_structure=&#8221;1_2,1_2&#8243; use_custom_gutter=&#8221;on&#8221; gutter_width=&#8221;1&#8243; admin_label=&#8221;Timeline Style5 Section 1 Row 3&#8243; module_class=&#8221;dp_timeline_style5&#8243; _builder_version=&#8221;4.27.0&#8243; _module_preset=&#8221;default&#8221; width=&#8221;90%&#8221; max_width=&#8221;1200px&#8221; custom_padding=&#8221;||||false|false&#8221; custom_css_before=&#8221;background: #7BC248;||width: 3px;||height: 100%;||content: %22%22;||position: absolute;||left: 0;||right: 0;||top: 0;||margin: auto;&#8221; locked=&#8221;off&#8221; global_colors_info=&#8221;{}&#8221; custom_css_before_last_edited=&#8221;on|phone&#8221; custom_css_before_phone=&#8221;background: #0077b6;||width: 3px;||height: 100%;||content: %22%22;||position: absolute;||right: 0;||left: unset;||top: 0;||margin: auto;&#8221; custom_css_before_tablet=&#8221;background: #0077b6;||width: 3px;||height: 100%;||content: %22%22;||position: absolute;||left: 0;||right: 0;||top: 0;||margin: auto;&#8221;][et_pb_column type=&#8221;1_2&#8243; _builder_version=&#8221;4.16&#8243; _module_preset=&#8221;default&#8221; global_colors_info=&#8221;{}&#8221; custom_css_main_element_last_edited=&#8221;on|tablet&#8221; custom_css_main_element_tablet=&#8221;width: 50% !important;&#8221; custom_css_main_element_phone=&#8221;width:100% !important;&#8221;][et_pb_blurb title=&#8221;2019&#8243; image=&#8221;https:\/\/plus12socks.com\/wp-content\/uploads\/2024\/09\/plus12socks-timeline.jpg&#8221; alt=&#8221;Graphic of the plus12fit table&#8221; image_icon_width=&#8221;100%&#8221; admin_label=&#8221;Image &#038; Year &#038; Description&#8221; _builder_version=&#8221;4.27.0&#8243; _module_preset=&#8221;default&#8221; header_level=&#8221;h3&#8243; header_font=&#8221;|600|||||||&#8221; header_text_color=&#8221;#7BC248&#8243; header_font_size=&#8221;30px&#8221; body_font=&#8221;||||||||&#8221; body_letter_spacing=&#8221;0.5px&#8221; body_line_height=&#8221;1.4em&#8221; text_orientation=&#8221;center&#8221; custom_css_after=&#8221;right: 1px;||width: 45%;||height: 1px;||border-top: 2px dotted #7BC248;||background: none;||top: 76px;||content: %22%22;||position: absolute;||margin: auto;||z-index: -1;&#8221; custom_css_blurb_image=&#8221;margin: 17px auto;&#8221; custom_css_blurb_title=&#8221;margin-bottom:10px;||padding-bottom:0;&#8221; custom_css_blurb_content=&#8221;max-width:100%;&#8221; border_width_all_image=&#8221;3px&#8221; border_color_all_image=&#8221;#7BC248&#8243; global_colors_info=&#8221;{}&#8221;]<\/p>\n<p><strong><a href=\"https:\/\/plus12socks.com\/\" target=\"_blank\" rel=\"noopener noreferrer\">plus12socks<\/a><\/strong><\/p>\n<p>Innovative socks, perfectly straight along the big toe, developed and made in Austria<strong><br \/><\/strong><\/p>\n<p>[\/et_pb_blurb][\/et_pb_column][et_pb_column type=&#8221;1_2&#8243; _builder_version=&#8221;4.16&#8243; _module_preset=&#8221;default&#8221; global_colors_info=&#8221;{}&#8221; custom_css_main_element_last_edited=&#8221;on|tablet&#8221; custom_css_main_element_tablet=&#8221;width: 50% !important;||display: block !important;&#8221; custom_css_main_element_phone=&#8221;width: 50% !important;||display: block !important;&#8221;][\/et_pb_column][\/et_pb_row][et_pb_row admin_label=&#8221;Timeline Style5 Section 1 Row 4: Custom CSS&#8221; _builder_version=&#8221;4.27.0&#8243; _module_preset=&#8221;default&#8221; custom_margin=&#8221;0px||0px||false|false&#8221; custom_padding=&#8221;0px||0px||true|false&#8221; global_colors_info=&#8221;{}&#8221;][et_pb_column type=&#8221;4_4&#8243; _builder_version=&#8221;4.16&#8243; _module_preset=&#8221;default&#8221; global_colors_info=&#8221;{}&#8221;][et_pb_code admin_label=&#8221;CSS CODE&#8221; _builder_version=&#8221;4.27.0&#8243; _module_preset=&#8221;default&#8221; global_colors_info=&#8221;{}&#8221;]<\/p>\n<style><!-- [et_pb_line_break_holder] -->.dp_timeline_style5 .et_pb_main_blurb_image img{width: 150px;<!-- [et_pb_line_break_holder] -->height:150px;<!-- [et_pb_line_break_holder] -->object-fit:cover;}<!-- [et_pb_line_break_holder] -->.dp_timeline_style5 .et_pb_blurb .et_pb_blurb_container{width: 62%;<!-- [et_pb_line_break_holder] -->margin: 0 19%;}<!-- [et_pb_line_break_holder] --><\/style>\n<p>[\/et_pb_code][\/et_pb_column][\/et_pb_row][\/et_pb_section][et_pb_section fb_built=&#8221;1&#8243; _builder_version=&#8221;4.27.0&#8243; _module_preset=&#8221;default&#8221; global_colors_info=&#8221;{}&#8221;][et_pb_row _builder_version=&#8221;4.27.0&#8243; _module_preset=&#8221;default&#8221; global_colors_info=&#8221;{}&#8221;][et_pb_column type=&#8221;4_4&#8243; _builder_version=&#8221;4.27.0&#8243; _module_preset=&#8221;default&#8221; global_colors_info=&#8221;{}&#8221;][et_pb_text _builder_version=&#8221;4.27.0&#8243; _module_preset=&#8221;default&#8221; global_colors_info=&#8221;{}&#8221;]<\/p>\n<h2>Publications<\/h2>\n<p>2000: KINZ, Wieland: \u201eKinderf\u00fc\u00dfe-Kinderschuhe. Alles Wissenswerte rund um kleine F\u00fc\u00dfe und Schuhe\u201c. ISBN 3-00-005879-6 <\/p>\n<p>2004: KINZ, Wieland: \u201eKinderf\u00fc\u00dfe-Kinderschuhe. Angewandte Forschung als Grundlage der Gesundheitsaufkl\u00e4rung\u201c. Dissertation, University of Salzburg\/ Medical University of Vienna <\/p>\n<p>2009: Klein, Christian; Groll-Knapp, Elisabeth; Kundi, Michael; Kinz, Wieland: <a href=\"https:\/\/bmcmusculoskeletdisord.biomedcentral.com\/articles\/10.1186\/1471-2474-10-159\" target=\"_blank\" rel=\"noopener noreferrer\">\u201cIncreased hallux angle in children and its association with insufficient length of footwear: A community based cross-sectional study\u201d<\/a> BMC Musculoskeletal Disorders, December 17, 2009. <\/p>\n<p>2014: Klein T, Kinz W, Zembsch A, Groll-Knapp E, Kundi M.: \u201cThe hallux valgus angle of the margo medialis pedis as an alternative to the measurement of the metatarsophalangeal hallux valgus angle\u201d BMC Musculoskelet Disord. 2014;15:133<\/p>\n<p>2015: Kinz, W., Groll-Knapp, E. &amp; Klein, C: <a href=\"https:\/\/www.springermedizin.de\/kinder-in-zu-kurzen-schuhen\/8626462\" target=\"_blank\" rel=\"noopener noreferrer\">\u201cKinder in zu kurzen Schuhen\u201d<\/a>. (Children wearing shoes of insufficient length) P\u00e4diatrie &amp; Podologie 3, 2015. <\/p>\n<p>2020: Kinz W, Groll-Knapp E, Kundi M: \u201e<a href=\"https:\/\/www.tandfonline.com\/doi\/full\/10.1080\/19424280.2020.1853826?src=&amp;\" target=\"_blank\" rel=\"noopener noreferrer nofollow\">Hallux valgus in pre-school-aged children: the effects of too-short shoes on the hallux angle and the effects of going barefoot on podiatric health\u201c<\/a>. Footwear Science, Volume 13, 2021 issue 1 <\/p>\n<p>[\/et_pb_text][\/et_pb_column][\/et_pb_row][\/et_pb_section]<\/p>\n","protected":false},"excerpt":{"rendered":"<p>plus12: How it all started In 2001, we were commissioned by the Austrian Federal Ministry of Health to answer this question: Do Austrian children\u2019s shoes fit?To find out if a shoe fits, we measure the amount of extra space it offers (for a proper fit, shoes need to be at least 12 mm longer than [&hellip;]<\/p>\n","protected":false},"author":1,"featured_media":0,"parent":0,"menu_order":0,"comment_status":"closed","ping_status":"closed","template":"","meta":{"_et_pb_use_builder":"on","_et_pb_old_content":"","_et_gb_content_width":"","footnotes":""},"class_list":["post-254501","page","type-page","status-publish","hentry"],"_links":{"self":[{"href":"https:\/\/plus12socks.com\/en\/wp-json\/wp\/v2\/pages\/254501","targetHints":{"allow":["GET"]}}],"collection":[{"href":"https:\/\/plus12socks.com\/en\/wp-json\/wp\/v2\/pages"}],"about":[{"href":"https:\/\/plus12socks.com\/en\/wp-json\/wp\/v2\/types\/page"}],"author":[{"embeddable":true,"href":"https:\/\/plus12socks.com\/en\/wp-json\/wp\/v2\/users\/1"}],"replies":[{"embeddable":true,"href":"https:\/\/plus12socks.com\/en\/wp-json\/wp\/v2\/comments?post=254501"}],"version-history":[{"count":0,"href":"https:\/\/plus12socks.com\/en\/wp-json\/wp\/v2\/pages\/254501\/revisions"}],"wp:attachment":[{"href":"https:\/\/plus12socks.com\/en\/wp-json\/wp\/v2\/media?parent=254501"}],"curies":[{"name":"wp","href":"https:\/\/api.w.org\/{rel}","templated":true}]}}